{"id":12,"date":"2014-12-17T11:27:18","date_gmt":"2014-12-17T10:27:18","guid":{"rendered":"http:\/\/dromgodis.se\/godisarenan\/?page_id=12"},"modified":"2015-09-20T18:30:15","modified_gmt":"2015-09-20T16:30:15","slug":"foreningartillfallig-forsaljning","status":"publish","type":"page","link":"http:\/\/godisarenan.se\/?page_id=12","title":{"rendered":"F\u00f6reningar\/tillf\u00e4llig f\u00f6rs\u00e4ljning"},"content":{"rendered":"<p>V\u00e5r vision \u00e4r att g\u00f6ra det s\u00e5 enkelt och l\u00f6nsamt som m\u00f6jligt f\u00f6r er att bedriva tillf\u00e4lliga f\u00f6rs\u00e4ljningar.<br \/>\nVi erbjuder konkurrenskraftiga priser och r\u00e5dgivning. Fr\u00e4mst erbjuder vi tillg\u00e4nglighet d\u00e5 ni kan h\u00e4mta varor n\u00e4r helst vi har \u00f6ppet och returnera de som inte blivit s\u00e5lda.<br \/>\nL\u00e5t inte inkomsterna \u00e4tas upp av varor som inte blivit s\u00e5lda. Bli inte heller st\u00e5ende utan varor mitt under en f\u00f6rs\u00e4ljning.<\/p>\n<p>F\u00f6r information\/intresse ring John p\u00e5 070-6333801 eller skicka ett mail p\u00e5<br \/>\ndromgodis@gmail.com<\/p>\n","protected":false},"excerpt":{"rendered":"<p>V\u00e5r vision \u00e4r att g\u00f6ra det s\u00e5 enkelt och l\u00f6nsamt som m\u00f6jligt f\u00f6r er att bedriva tillf\u00e4lliga f\u00f6rs\u00e4ljningar. Vi erbjuder konkurrenskraftiga priser och r\u00e5dgivning. Fr\u00e4mst erbjuder vi tillg\u00e4nglighet d\u00e5 ni kan h\u00e4mta varor n\u00e4r helst vi har \u00f6ppet och returnera de som inte blivit s\u00e5lda. L\u00e5t inte inkomsterna \u00e4tas upp av varor som inte blivit [&hellip;]<\/p>\n","protected":false},"author":1,"featured_media":0,"parent":0,"menu_order":0,"comment_status":"closed","ping_status":"open","template":"","meta":{"footnotes":""},"class_list":["post-12","page","type-page","status-publish","hentry"],"_links":{"self":[{"href":"http:\/\/godisarenan.se\/index.php?rest_route=\/wp\/v2\/pages\/12","targetHints":{"allow":["GET"]}}],"collection":[{"href":"http:\/\/godisarenan.se\/index.php?rest_route=\/wp\/v2\/pages"}],"about":[{"href":"http:\/\/godisarenan.se\/index.php?rest_route=\/wp\/v2\/types\/page"}],"author":[{"embeddable":true,"href":"http:\/\/godisarenan.se\/index.php?rest_route=\/wp\/v2\/users\/1"}],"replies":[{"embeddable":true,"href":"http:\/\/godisarenan.se\/index.php?rest_route=%2Fwp%2Fv2%2Fcomments&post=12"}],"version-history":[{"count":2,"href":"http:\/\/godisarenan.se\/index.php?rest_route=\/wp\/v2\/pages\/12\/revisions"}],"predecessor-version":[{"id":57,"href":"http:\/\/godisarenan.se\/index.php?rest_route=\/wp\/v2\/pages\/12\/revisions\/57"}],"wp:attachment":[{"href":"http:\/\/godisarenan.se\/index.php?rest_route=%2Fwp%2Fv2%2Fmedia&parent=12"}],"curies":[{"name":"wp","href":"https:\/\/api.w.org\/{rel}","templated":true}]}}