{"id":2,"date":"2014-12-12T11:02:19","date_gmt":"2014-12-12T11:02:19","guid":{"rendered":"http:\/\/dromgodis.se\/godisarenan\/?page_id=2"},"modified":"2023-03-29T21:52:59","modified_gmt":"2023-03-29T19:52:59","slug":"exempelsida","status":"publish","type":"page","link":"http:\/\/godisarenan.se\/?page_id=2","title":{"rendered":"Kontakt"},"content":{"rendered":"<p>Adress:<br \/>Godisarenan<br \/>Pontonj\u00e4rv\u00e4gen 2<br \/>961 43 Boden<\/p>\n<p>Telefon butiken:<br \/>0921-149 20<\/p>\n<p>Telefon platsansvarig:<br \/>070-633 38 01<br \/>(Synpunkter, \u00f6nskem\u00e5l och \u00f6vergripande fr\u00e5gor om verksamheten besvaras utf\u00f6rligast p\u00e5 detta nummer) Samt alla fr\u00e5gor om fiske.<\/p>\n<p>E-post:<br \/>dromgodis@gmail.com<\/p>\n\n\n<iframe loading=\"lazy\" src=\"https:\/\/www.google.com\/maps\/embed?pb=!1m18!1m12!1m3!1d209335.8801687173!2d21.371528852222937!3d65.80128890730501!2m3!1f0!2f0!3f0!3m2!1i1024!2i768!4f13.1!3m3!1m2!1s0x467f58f016339fdb%3A0x6284917d4025caaa!2sGodisarenan!5e0!3m2!1ssv!2sse!4v1583079862632!5m2!1ssv!2sse\" width=\"100%\" height=\"400\" frameborder=\"0\" style=\"border:0;\" allowfullscreen=\"\"><\/iframe>\n","protected":false},"excerpt":{"rendered":"<p>Adress:GodisarenanPontonj\u00e4rv\u00e4gen 2961 43 Boden Telefon butiken:0921-149 20 Telefon platsansvarig:070-633 38 01(Synpunkter, \u00f6nskem\u00e5l och \u00f6vergripande fr\u00e5gor om verksamheten besvaras utf\u00f6rligast p\u00e5 detta nummer) Samt alla fr\u00e5gor om fiske. E-post:dromgodis@gmail.com<\/p>\n","protected":false},"author":1,"featured_media":0,"parent":0,"menu_order":0,"comment_status":"closed","ping_status":"open","template":"templates\/template-full-width.php","meta":{"footnotes":""},"class_list":["post-2","page","type-page","status-publish","hentry"],"_links":{"self":[{"href":"http:\/\/godisarenan.se\/index.php?rest_route=\/wp\/v2\/pages\/2","targetHints":{"allow":["GET"]}}],"collection":[{"href":"http:\/\/godisarenan.se\/index.php?rest_route=\/wp\/v2\/pages"}],"about":[{"href":"http:\/\/godisarenan.se\/index.php?rest_route=\/wp\/v2\/types\/page"}],"author":[{"embeddable":true,"href":"http:\/\/godisarenan.se\/index.php?rest_route=\/wp\/v2\/users\/1"}],"replies":[{"embeddable":true,"href":"http:\/\/godisarenan.se\/index.php?rest_route=%2Fwp%2Fv2%2Fcomments&post=2"}],"version-history":[{"count":9,"href":"http:\/\/godisarenan.se\/index.php?rest_route=\/wp\/v2\/pages\/2\/revisions"}],"predecessor-version":[{"id":772,"href":"http:\/\/godisarenan.se\/index.php?rest_route=\/wp\/v2\/pages\/2\/revisions\/772"}],"wp:attachment":[{"href":"http:\/\/godisarenan.se\/index.php?rest_route=%2Fwp%2Fv2%2Fmedia&parent=2"}],"curies":[{"name":"wp","href":"https:\/\/api.w.org\/{rel}","templated":true}]}}