{"id":127,"date":"2017-05-26T03:01:49","date_gmt":"2017-05-26T01:01:49","guid":{"rendered":"http:\/\/dromgodis.se\/godisarenan\/?page_id=127"},"modified":"2019-08-04T12:08:03","modified_gmt":"2019-08-04T10:08:03","slug":"fiske","status":"publish","type":"page","link":"https:\/\/godisarenan.se\/?page_id=127","title":{"rendered":"Fiske"},"content":{"rendered":"<p>I Godisarenan finner ni ett sortiment av fiskeprylar till &#8221;internet-priser&#8221; och billigare. Vi f\u00f6rs\u00f6ker tillgodose det lokala fisket p\u00e5 en begr\u00e4nsad yta. \u00c4lvsfisket \u00e4r v\u00e5rt huvudfokus.<\/p>\n<p>Vi har sp\u00f6n, rullar och set fr\u00e5n Ultra Light till Jerk och det tunga \u00e4lvsfisket. Vill ni ha n\u00e5got specifikt som vi inte har s\u00e5 kan vi best\u00e4lla och vi kan alltid matcha de b\u00e4sta priserna p\u00e5 n\u00e4tet.<\/p>\n<p>N\u00e5gra bilder fr\u00e5n v\u00e5rt sortiment:<\/p>\n<p><a href=\"http:\/\/godisarenan.se\/wp-content\/uploads\/2019\/08\/DSC_7519.jpg\"><img loading=\"lazy\" decoding=\"async\" class=\"alignnone size-large wp-image-323\" src=\"http:\/\/godisarenan.se\/wp-content\/uploads\/2019\/08\/DSC_7519-1024x678.jpg\" alt=\"\" width=\"625\" height=\"414\" srcset=\"https:\/\/godisarenan.se\/wp-content\/uploads\/2019\/08\/DSC_7519-1024x678.jpg 1024w, https:\/\/godisarenan.se\/wp-content\/uploads\/2019\/08\/DSC_7519-300x199.jpg 300w, https:\/\/godisarenan.se\/wp-content\/uploads\/2019\/08\/DSC_7519-768x509.jpg 768w, https:\/\/godisarenan.se\/wp-content\/uploads\/2019\/08\/DSC_7519-624x413.jpg 624w\" sizes=\"auto, (max-width: 625px) 100vw, 625px\" \/><\/a> <a href=\"http:\/\/godisarenan.se\/wp-content\/uploads\/2019\/08\/DSC_7520.jpg\"><img loading=\"lazy\" decoding=\"async\" class=\"alignnone size-large wp-image-324\" src=\"http:\/\/godisarenan.se\/wp-content\/uploads\/2019\/08\/DSC_7520-1024x678.jpg\" alt=\"\" width=\"625\" height=\"414\" srcset=\"https:\/\/godisarenan.se\/wp-content\/uploads\/2019\/08\/DSC_7520-1024x678.jpg 1024w, https:\/\/godisarenan.se\/wp-content\/uploads\/2019\/08\/DSC_7520-300x199.jpg 300w, https:\/\/godisarenan.se\/wp-content\/uploads\/2019\/08\/DSC_7520-768x509.jpg 768w, https:\/\/godisarenan.se\/wp-content\/uploads\/2019\/08\/DSC_7520-624x413.jpg 624w\" sizes=\"auto, (max-width: 625px) 100vw, 625px\" \/><\/a> <a href=\"http:\/\/godisarenan.se\/wp-content\/uploads\/2019\/08\/DSC_7521.jpg\"><img loading=\"lazy\" decoding=\"async\" class=\"alignnone size-large wp-image-325\" src=\"http:\/\/godisarenan.se\/wp-content\/uploads\/2019\/08\/DSC_7521-1024x678.jpg\" alt=\"\" width=\"625\" height=\"414\" srcset=\"https:\/\/godisarenan.se\/wp-content\/uploads\/2019\/08\/DSC_7521-1024x678.jpg 1024w, https:\/\/godisarenan.se\/wp-content\/uploads\/2019\/08\/DSC_7521-300x199.jpg 300w, https:\/\/godisarenan.se\/wp-content\/uploads\/2019\/08\/DSC_7521-768x509.jpg 768w, https:\/\/godisarenan.se\/wp-content\/uploads\/2019\/08\/DSC_7521-624x413.jpg 624w\" sizes=\"auto, (max-width: 625px) 100vw, 625px\" \/><\/a> <a href=\"http:\/\/godisarenan.se\/wp-content\/uploads\/2019\/08\/DSC_7522.jpg\"><img loading=\"lazy\" decoding=\"async\" class=\"alignnone size-large wp-image-326\" src=\"http:\/\/godisarenan.se\/wp-content\/uploads\/2019\/08\/DSC_7522-1024x678.jpg\" alt=\"\" width=\"625\" height=\"414\" srcset=\"https:\/\/godisarenan.se\/wp-content\/uploads\/2019\/08\/DSC_7522-1024x678.jpg 1024w, https:\/\/godisarenan.se\/wp-content\/uploads\/2019\/08\/DSC_7522-300x199.jpg 300w, https:\/\/godisarenan.se\/wp-content\/uploads\/2019\/08\/DSC_7522-768x509.jpg 768w, https:\/\/godisarenan.se\/wp-content\/uploads\/2019\/08\/DSC_7522-624x413.jpg 624w\" sizes=\"auto, (max-width: 625px) 100vw, 625px\" \/><\/a> <a href=\"http:\/\/godisarenan.se\/wp-content\/uploads\/2019\/08\/DSC_7523.jpg\"><img loading=\"lazy\" decoding=\"async\" class=\"alignnone size-large wp-image-327\" src=\"http:\/\/godisarenan.se\/wp-content\/uploads\/2019\/08\/DSC_7523-1024x678.jpg\" alt=\"\" width=\"625\" height=\"414\" srcset=\"https:\/\/godisarenan.se\/wp-content\/uploads\/2019\/08\/DSC_7523-1024x678.jpg 1024w, https:\/\/godisarenan.se\/wp-content\/uploads\/2019\/08\/DSC_7523-300x199.jpg 300w, https:\/\/godisarenan.se\/wp-content\/uploads\/2019\/08\/DSC_7523-768x509.jpg 768w, https:\/\/godisarenan.se\/wp-content\/uploads\/2019\/08\/DSC_7523-624x413.jpg 624w\" sizes=\"auto, (max-width: 625px) 100vw, 625px\" \/><\/a> <a href=\"http:\/\/godisarenan.se\/wp-content\/uploads\/2019\/08\/DSC_7524.jpg\"><img loading=\"lazy\" decoding=\"async\" class=\"alignnone size-large wp-image-328\" src=\"http:\/\/godisarenan.se\/wp-content\/uploads\/2019\/08\/DSC_7524-1024x678.jpg\" alt=\"\" width=\"625\" height=\"414\" srcset=\"https:\/\/godisarenan.se\/wp-content\/uploads\/2019\/08\/DSC_7524-1024x678.jpg 1024w, https:\/\/godisarenan.se\/wp-content\/uploads\/2019\/08\/DSC_7524-300x199.jpg 300w, https:\/\/godisarenan.se\/wp-content\/uploads\/2019\/08\/DSC_7524-768x509.jpg 768w, https:\/\/godisarenan.se\/wp-content\/uploads\/2019\/08\/DSC_7524-624x413.jpg 624w\" sizes=\"auto, (max-width: 625px) 100vw, 625px\" \/><\/a> <a href=\"http:\/\/godisarenan.se\/wp-content\/uploads\/2019\/08\/DSC_7525.jpg\"><img loading=\"lazy\" decoding=\"async\" class=\"alignnone size-large wp-image-329\" src=\"http:\/\/godisarenan.se\/wp-content\/uploads\/2019\/08\/DSC_7525-1024x678.jpg\" alt=\"\" width=\"625\" height=\"414\" srcset=\"https:\/\/godisarenan.se\/wp-content\/uploads\/2019\/08\/DSC_7525-1024x678.jpg 1024w, https:\/\/godisarenan.se\/wp-content\/uploads\/2019\/08\/DSC_7525-300x199.jpg 300w, https:\/\/godisarenan.se\/wp-content\/uploads\/2019\/08\/DSC_7525-768x509.jpg 768w, https:\/\/godisarenan.se\/wp-content\/uploads\/2019\/08\/DSC_7525-624x413.jpg 624w\" sizes=\"auto, (max-width: 625px) 100vw, 625px\" \/><\/a> <a href=\"http:\/\/godisarenan.se\/wp-content\/uploads\/2019\/08\/DSC_7526.jpg\"><img loading=\"lazy\" decoding=\"async\" class=\"alignnone size-large wp-image-330\" src=\"http:\/\/godisarenan.se\/wp-content\/uploads\/2019\/08\/DSC_7526-1024x678.jpg\" alt=\"\" width=\"625\" height=\"414\" srcset=\"https:\/\/godisarenan.se\/wp-content\/uploads\/2019\/08\/DSC_7526-1024x678.jpg 1024w, https:\/\/godisarenan.se\/wp-content\/uploads\/2019\/08\/DSC_7526-300x199.jpg 300w, https:\/\/godisarenan.se\/wp-content\/uploads\/2019\/08\/DSC_7526-768x509.jpg 768w, https:\/\/godisarenan.se\/wp-content\/uploads\/2019\/08\/DSC_7526-624x413.jpg 624w\" sizes=\"auto, (max-width: 625px) 100vw, 625px\" \/><\/a> <a href=\"http:\/\/godisarenan.se\/wp-content\/uploads\/2019\/08\/DSC_7527.jpg\"><img loading=\"lazy\" decoding=\"async\" class=\"alignnone size-large wp-image-331\" src=\"http:\/\/godisarenan.se\/wp-content\/uploads\/2019\/08\/DSC_7527-1024x678.jpg\" alt=\"\" width=\"625\" height=\"414\" srcset=\"https:\/\/godisarenan.se\/wp-content\/uploads\/2019\/08\/DSC_7527-1024x678.jpg 1024w, https:\/\/godisarenan.se\/wp-content\/uploads\/2019\/08\/DSC_7527-300x199.jpg 300w, https:\/\/godisarenan.se\/wp-content\/uploads\/2019\/08\/DSC_7527-768x509.jpg 768w, https:\/\/godisarenan.se\/wp-content\/uploads\/2019\/08\/DSC_7527-624x413.jpg 624w\" sizes=\"auto, (max-width: 625px) 100vw, 625px\" \/><\/a> <a href=\"http:\/\/godisarenan.se\/wp-content\/uploads\/2019\/08\/DSC_7528.jpg\"><img loading=\"lazy\" decoding=\"async\" class=\"alignnone size-large wp-image-332\" src=\"http:\/\/godisarenan.se\/wp-content\/uploads\/2019\/08\/DSC_7528-1024x678.jpg\" alt=\"\" width=\"625\" height=\"414\" srcset=\"https:\/\/godisarenan.se\/wp-content\/uploads\/2019\/08\/DSC_7528-1024x678.jpg 1024w, https:\/\/godisarenan.se\/wp-content\/uploads\/2019\/08\/DSC_7528-300x199.jpg 300w, https:\/\/godisarenan.se\/wp-content\/uploads\/2019\/08\/DSC_7528-768x509.jpg 768w, https:\/\/godisarenan.se\/wp-content\/uploads\/2019\/08\/DSC_7528-624x413.jpg 624w\" sizes=\"auto, (max-width: 625px) 100vw, 625px\" \/><\/a> <a href=\"http:\/\/godisarenan.se\/wp-content\/uploads\/2019\/08\/DSC_7529.jpg\"><img loading=\"lazy\" decoding=\"async\" class=\"alignnone size-large wp-image-333\" src=\"http:\/\/godisarenan.se\/wp-content\/uploads\/2019\/08\/DSC_7529-1024x678.jpg\" alt=\"\" width=\"625\" height=\"414\" srcset=\"https:\/\/godisarenan.se\/wp-content\/uploads\/2019\/08\/DSC_7529-1024x678.jpg 1024w, https:\/\/godisarenan.se\/wp-content\/uploads\/2019\/08\/DSC_7529-300x199.jpg 300w, https:\/\/godisarenan.se\/wp-content\/uploads\/2019\/08\/DSC_7529-768x509.jpg 768w, https:\/\/godisarenan.se\/wp-content\/uploads\/2019\/08\/DSC_7529-624x413.jpg 624w\" sizes=\"auto, (max-width: 625px) 100vw, 625px\" \/><\/a> <a href=\"http:\/\/godisarenan.se\/wp-content\/uploads\/2019\/08\/DSC_7530.jpg\"><img loading=\"lazy\" decoding=\"async\" class=\"alignnone size-large wp-image-334\" src=\"http:\/\/godisarenan.se\/wp-content\/uploads\/2019\/08\/DSC_7530-1024x678.jpg\" alt=\"\" width=\"625\" height=\"414\" srcset=\"https:\/\/godisarenan.se\/wp-content\/uploads\/2019\/08\/DSC_7530-1024x678.jpg 1024w, https:\/\/godisarenan.se\/wp-content\/uploads\/2019\/08\/DSC_7530-300x199.jpg 300w, https:\/\/godisarenan.se\/wp-content\/uploads\/2019\/08\/DSC_7530-768x509.jpg 768w, https:\/\/godisarenan.se\/wp-content\/uploads\/2019\/08\/DSC_7530-624x413.jpg 624w\" sizes=\"auto, (max-width: 625px) 100vw, 625px\" \/><\/a> <a href=\"http:\/\/godisarenan.se\/wp-content\/uploads\/2019\/08\/DSC_7531.jpg\"><img loading=\"lazy\" decoding=\"async\" class=\"alignnone size-large wp-image-335\" src=\"http:\/\/godisarenan.se\/wp-content\/uploads\/2019\/08\/DSC_7531-1024x678.jpg\" alt=\"\" width=\"625\" height=\"414\" srcset=\"https:\/\/godisarenan.se\/wp-content\/uploads\/2019\/08\/DSC_7531-1024x678.jpg 1024w, https:\/\/godisarenan.se\/wp-content\/uploads\/2019\/08\/DSC_7531-300x199.jpg 300w, https:\/\/godisarenan.se\/wp-content\/uploads\/2019\/08\/DSC_7531-768x509.jpg 768w, https:\/\/godisarenan.se\/wp-content\/uploads\/2019\/08\/DSC_7531-624x413.jpg 624w\" sizes=\"auto, (max-width: 625px) 100vw, 625px\" \/><\/a> <a href=\"http:\/\/godisarenan.se\/wp-content\/uploads\/2019\/08\/DSC_7532.jpg\"><img loading=\"lazy\" decoding=\"async\" class=\"alignnone size-large wp-image-336\" src=\"http:\/\/godisarenan.se\/wp-content\/uploads\/2019\/08\/DSC_7532-1024x678.jpg\" alt=\"\" width=\"625\" height=\"414\" srcset=\"https:\/\/godisarenan.se\/wp-content\/uploads\/2019\/08\/DSC_7532-1024x678.jpg 1024w, https:\/\/godisarenan.se\/wp-content\/uploads\/2019\/08\/DSC_7532-300x199.jpg 300w, https:\/\/godisarenan.se\/wp-content\/uploads\/2019\/08\/DSC_7532-768x509.jpg 768w, https:\/\/godisarenan.se\/wp-content\/uploads\/2019\/08\/DSC_7532-624x413.jpg 624w\" sizes=\"auto, (max-width: 625px) 100vw, 625px\" \/><\/a> <a href=\"http:\/\/godisarenan.se\/wp-content\/uploads\/2019\/08\/DSC_7534.jpg\"><img loading=\"lazy\" decoding=\"async\" class=\"alignnone size-large wp-image-338\" src=\"http:\/\/godisarenan.se\/wp-content\/uploads\/2019\/08\/DSC_7534-1024x678.jpg\" alt=\"\" width=\"625\" height=\"414\" srcset=\"https:\/\/godisarenan.se\/wp-content\/uploads\/2019\/08\/DSC_7534-1024x678.jpg 1024w, https:\/\/godisarenan.se\/wp-content\/uploads\/2019\/08\/DSC_7534-300x199.jpg 300w, https:\/\/godisarenan.se\/wp-content\/uploads\/2019\/08\/DSC_7534-768x509.jpg 768w, https:\/\/godisarenan.se\/wp-content\/uploads\/2019\/08\/DSC_7534-624x413.jpg 624w\" sizes=\"auto, (max-width: 625px) 100vw, 625px\" \/><\/a> <a href=\"http:\/\/godisarenan.se\/wp-content\/uploads\/2019\/08\/DSC_7535.jpg\"><img loading=\"lazy\" decoding=\"async\" class=\"alignnone size-large wp-image-339\" src=\"http:\/\/godisarenan.se\/wp-content\/uploads\/2019\/08\/DSC_7535-1024x678.jpg\" alt=\"\" width=\"625\" height=\"414\" srcset=\"https:\/\/godisarenan.se\/wp-content\/uploads\/2019\/08\/DSC_7535-1024x678.jpg 1024w, https:\/\/godisarenan.se\/wp-content\/uploads\/2019\/08\/DSC_7535-300x199.jpg 300w, https:\/\/godisarenan.se\/wp-content\/uploads\/2019\/08\/DSC_7535-768x509.jpg 768w, https:\/\/godisarenan.se\/wp-content\/uploads\/2019\/08\/DSC_7535-624x413.jpg 624w\" sizes=\"auto, (max-width: 625px) 100vw, 625px\" \/><\/a> <a href=\"http:\/\/godisarenan.se\/wp-content\/uploads\/2019\/08\/DSC_7536.jpg\"><img loading=\"lazy\" decoding=\"async\" class=\"alignnone size-large wp-image-340\" src=\"http:\/\/godisarenan.se\/wp-content\/uploads\/2019\/08\/DSC_7536-1024x678.jpg\" alt=\"\" width=\"625\" height=\"414\" srcset=\"https:\/\/godisarenan.se\/wp-content\/uploads\/2019\/08\/DSC_7536-1024x678.jpg 1024w, https:\/\/godisarenan.se\/wp-content\/uploads\/2019\/08\/DSC_7536-300x199.jpg 300w, https:\/\/godisarenan.se\/wp-content\/uploads\/2019\/08\/DSC_7536-768x509.jpg 768w, https:\/\/godisarenan.se\/wp-content\/uploads\/2019\/08\/DSC_7536-624x413.jpg 624w\" sizes=\"auto, (max-width: 625px) 100vw, 625px\" \/><\/a> <a href=\"http:\/\/godisarenan.se\/wp-content\/uploads\/2019\/08\/DSC_7537.jpg\"><img loading=\"lazy\" decoding=\"async\" class=\"alignnone size-large wp-image-341\" src=\"http:\/\/godisarenan.se\/wp-content\/uploads\/2019\/08\/DSC_7537-1024x678.jpg\" alt=\"\" width=\"625\" height=\"414\" srcset=\"https:\/\/godisarenan.se\/wp-content\/uploads\/2019\/08\/DSC_7537-1024x678.jpg 1024w, https:\/\/godisarenan.se\/wp-content\/uploads\/2019\/08\/DSC_7537-300x199.jpg 300w, https:\/\/godisarenan.se\/wp-content\/uploads\/2019\/08\/DSC_7537-768x509.jpg 768w, https:\/\/godisarenan.se\/wp-content\/uploads\/2019\/08\/DSC_7537-624x413.jpg 624w\" sizes=\"auto, (max-width: 625px) 100vw, 625px\" \/><\/a> <a href=\"http:\/\/godisarenan.se\/wp-content\/uploads\/2019\/08\/DSC_7538.jpg\"><img loading=\"lazy\" decoding=\"async\" class=\"alignnone size-large wp-image-342\" src=\"http:\/\/godisarenan.se\/wp-content\/uploads\/2019\/08\/DSC_7538-1024x678.jpg\" alt=\"\" width=\"625\" height=\"414\" srcset=\"https:\/\/godisarenan.se\/wp-content\/uploads\/2019\/08\/DSC_7538-1024x678.jpg 1024w, https:\/\/godisarenan.se\/wp-content\/uploads\/2019\/08\/DSC_7538-300x199.jpg 300w, https:\/\/godisarenan.se\/wp-content\/uploads\/2019\/08\/DSC_7538-768x509.jpg 768w, https:\/\/godisarenan.se\/wp-content\/uploads\/2019\/08\/DSC_7538-624x413.jpg 624w\" sizes=\"auto, (max-width: 625px) 100vw, 625px\" \/><\/a> <a href=\"http:\/\/godisarenan.se\/wp-content\/uploads\/2019\/08\/DSC_7539.jpg\"><img loading=\"lazy\" decoding=\"async\" class=\"alignnone size-large wp-image-343\" src=\"http:\/\/godisarenan.se\/wp-content\/uploads\/2019\/08\/DSC_7539-1024x678.jpg\" alt=\"\" width=\"625\" height=\"414\" srcset=\"https:\/\/godisarenan.se\/wp-content\/uploads\/2019\/08\/DSC_7539-1024x678.jpg 1024w, https:\/\/godisarenan.se\/wp-content\/uploads\/2019\/08\/DSC_7539-300x199.jpg 300w, https:\/\/godisarenan.se\/wp-content\/uploads\/2019\/08\/DSC_7539-768x509.jpg 768w, https:\/\/godisarenan.se\/wp-content\/uploads\/2019\/08\/DSC_7539-624x413.jpg 624w\" sizes=\"auto, (max-width: 625px) 100vw, 625px\" \/><\/a> <a href=\"http:\/\/godisarenan.se\/wp-content\/uploads\/2019\/08\/DSC_7540.jpg\"><img loading=\"lazy\" decoding=\"async\" class=\"alignnone size-large wp-image-344\" src=\"http:\/\/godisarenan.se\/wp-content\/uploads\/2019\/08\/DSC_7540-1024x678.jpg\" alt=\"\" width=\"625\" height=\"414\" srcset=\"https:\/\/godisarenan.se\/wp-content\/uploads\/2019\/08\/DSC_7540-1024x678.jpg 1024w, https:\/\/godisarenan.se\/wp-content\/uploads\/2019\/08\/DSC_7540-300x199.jpg 300w, https:\/\/godisarenan.se\/wp-content\/uploads\/2019\/08\/DSC_7540-768x509.jpg 768w, https:\/\/godisarenan.se\/wp-content\/uploads\/2019\/08\/DSC_7540-624x413.jpg 624w\" sizes=\"auto, (max-width: 625px) 100vw, 625px\" \/><\/a> <a href=\"http:\/\/godisarenan.se\/wp-content\/uploads\/2019\/08\/DSC_7541.jpg\"><img loading=\"lazy\" decoding=\"async\" class=\"alignnone size-large wp-image-345\" src=\"http:\/\/godisarenan.se\/wp-content\/uploads\/2019\/08\/DSC_7541-1024x678.jpg\" alt=\"\" width=\"625\" height=\"414\" srcset=\"https:\/\/godisarenan.se\/wp-content\/uploads\/2019\/08\/DSC_7541-1024x678.jpg 1024w, https:\/\/godisarenan.se\/wp-content\/uploads\/2019\/08\/DSC_7541-300x199.jpg 300w, https:\/\/godisarenan.se\/wp-content\/uploads\/2019\/08\/DSC_7541-768x509.jpg 768w, https:\/\/godisarenan.se\/wp-content\/uploads\/2019\/08\/DSC_7541-624x413.jpg 624w\" sizes=\"auto, (max-width: 625px) 100vw, 625px\" \/><\/a> <a href=\"http:\/\/godisarenan.se\/wp-content\/uploads\/2019\/08\/DSC_7542.jpg\"><img loading=\"lazy\" decoding=\"async\" class=\"alignnone size-large wp-image-346\" src=\"http:\/\/godisarenan.se\/wp-content\/uploads\/2019\/08\/DSC_7542-1024x678.jpg\" alt=\"\" width=\"625\" height=\"414\" srcset=\"https:\/\/godisarenan.se\/wp-content\/uploads\/2019\/08\/DSC_7542-1024x678.jpg 1024w, https:\/\/godisarenan.se\/wp-content\/uploads\/2019\/08\/DSC_7542-300x199.jpg 300w, https:\/\/godisarenan.se\/wp-content\/uploads\/2019\/08\/DSC_7542-768x509.jpg 768w, https:\/\/godisarenan.se\/wp-content\/uploads\/2019\/08\/DSC_7542-624x413.jpg 624w\" sizes=\"auto, (max-width: 625px) 100vw, 625px\" \/><\/a> <a href=\"http:\/\/godisarenan.se\/wp-content\/uploads\/2019\/08\/DSC_7543.jpg\"><img loading=\"lazy\" decoding=\"async\" class=\"alignnone size-large wp-image-347\" src=\"http:\/\/godisarenan.se\/wp-content\/uploads\/2019\/08\/DSC_7543-1024x678.jpg\" alt=\"\" width=\"625\" height=\"414\" srcset=\"https:\/\/godisarenan.se\/wp-content\/uploads\/2019\/08\/DSC_7543-1024x678.jpg 1024w, https:\/\/godisarenan.se\/wp-content\/uploads\/2019\/08\/DSC_7543-300x199.jpg 300w, https:\/\/godisarenan.se\/wp-content\/uploads\/2019\/08\/DSC_7543-768x509.jpg 768w, https:\/\/godisarenan.se\/wp-content\/uploads\/2019\/08\/DSC_7543-624x413.jpg 624w\" sizes=\"auto, (max-width: 625px) 100vw, 625px\" \/><\/a> <a href=\"http:\/\/godisarenan.se\/wp-content\/uploads\/2019\/08\/DSC_7533.jpg\"><img loading=\"lazy\" decoding=\"async\" class=\"alignnone size-large wp-image-337\" src=\"http:\/\/godisarenan.se\/wp-content\/uploads\/2019\/08\/DSC_7533-1024x678.jpg\" alt=\"\" width=\"625\" height=\"414\" srcset=\"https:\/\/godisarenan.se\/wp-content\/uploads\/2019\/08\/DSC_7533-1024x678.jpg 1024w, https:\/\/godisarenan.se\/wp-content\/uploads\/2019\/08\/DSC_7533-300x199.jpg 300w, https:\/\/godisarenan.se\/wp-content\/uploads\/2019\/08\/DSC_7533-768x509.jpg 768w, https:\/\/godisarenan.se\/wp-content\/uploads\/2019\/08\/DSC_7533-624x413.jpg 624w\" sizes=\"auto, (max-width: 625px) 100vw, 625px\" \/><\/a><\/p>\n","protected":false},"excerpt":{"rendered":"<p>I Godisarenan finner ni ett sortiment av fiskeprylar till &#8221;internet-priser&#8221; och billigare. Vi f\u00f6rs\u00f6ker tillgodose det lokala fisket p\u00e5 en begr\u00e4nsad yta. \u00c4lvsfisket \u00e4r v\u00e5rt huvudfokus. Vi har sp\u00f6n, rullar och set fr\u00e5n Ultra Light till Jerk och det tunga \u00e4lvsfisket. Vill ni ha n\u00e5got specifikt som vi inte har s\u00e5 kan vi best\u00e4lla och [&hellip;]<\/p>\n","protected":false},"author":1,"featured_media":0,"parent":0,"menu_order":0,"comment_status":"closed","ping_status":"open","template":"","meta":{"footnotes":""},"class_list":["post-127","page","type-page","status-publish","hentry"],"_links":{"self":[{"href":"https:\/\/godisarenan.se\/index.php?rest_route=\/wp\/v2\/pages\/127","targetHints":{"allow":["GET"]}}],"collection":[{"href":"https:\/\/godisarenan.se\/index.php?rest_route=\/wp\/v2\/pages"}],"about":[{"href":"https:\/\/godisarenan.se\/index.php?rest_route=\/wp\/v2\/types\/page"}],"author":[{"embeddable":true,"href":"https:\/\/godisarenan.se\/index.php?rest_route=\/wp\/v2\/users\/1"}],"replies":[{"embeddable":true,"href":"https:\/\/godisarenan.se\/index.php?rest_route=%2Fwp%2Fv2%2Fcomments&post=127"}],"version-history":[{"count":3,"href":"https:\/\/godisarenan.se\/index.php?rest_route=\/wp\/v2\/pages\/127\/revisions"}],"predecessor-version":[{"id":348,"href":"https:\/\/godisarenan.se\/index.php?rest_route=\/wp\/v2\/pages\/127\/revisions\/348"}],"wp:attachment":[{"href":"https:\/\/godisarenan.se\/index.php?rest_route=%2Fwp%2Fv2%2Fmedia&parent=127"}],"curies":[{"name":"wp","href":"https:\/\/api.w.org\/{rel}","templated":true}]}}